{"id":2,"date":"2017-03-13T10:46:45","date_gmt":"2017-03-13T10:46:45","guid":{"rendered":"http:\/\/jef.informagie.fr\/?page_id=2"},"modified":"2024-06-13T23:53:45","modified_gmt":"2024-06-13T21:53:45","slug":"home-1","status":"publish","type":"page","link":"http:\/\/jef.informagie.fr\/","title":{"rendered":"Home 1"},"content":{"rendered":"<div class=\"wpb-content-wrapper\"><p>[vc_row full_width=\u00a0\u00bbstretch_row\u00a0\u00bb][vc_column][rev_slider_vc alias=\u00a0\u00bbslider-2-1&Prime;][\/vc_column][\/vc_row][vc_row][vc_column icons_position=\u00a0\u00bbleft\u00a0\u00bb][vc_empty_space alter_height=\u00a0\u00bbhuge\u00a0\u00bb hide_on_mobile=\u00a0\u00bb\u00a0\u00bb css=\u00a0\u00bb.vc_custom_1495790866099{margin-top: 0.9rem !important;}\u00a0\u00bb]<div  id=\"sc_promo_2116382534\" \n\tclass=\"sc_promo color_style_default sc_promo_modern sc_promo_size_normal sc_promo_no_paddings sc_promo_image_position_left\"\n\t\t><div class=\"sc_promo_image_wrap\" style=\"width:40%;left: 0;\"><div class=\"sc_promo_image\" style=\"background-image:url(http:\/\/jef.informagie.fr\/wp-content\/uploads\/2024\/06\/jef-photos-class.jpg);\"><div id=\"sc_video_1644433985\" class=\"trx_addons_video_player with_cover hover_play\"><div class=\"video_mask\"><\/div><a class=\"video_hover trx_addons_popup_link\" href=\"#sc_video_1644433985_popup\"><\/a><\/div><\/div><div id=\"sc_video_1644433985_popup\" class=\"sc_popup\"><div id=\"sc_video_1644433985_popup_player\" class=\"trx_addons_video_player without_cover\"><div class=\"video_embed video_frame\"><iframe loading=\"lazy\" title=\"MA PRESENTATION\" width=\"1170\" height=\"658\" src=\"https:\/\/www.youtube.com\/embed\/N95SHtRtK2M?feature=oembed\" frameborder=\"0\" allow=\"accelerometer; autoplay; clipboard-write; encrypted-media; gyroscope; picture-in-picture; web-share\" referrerpolicy=\"strict-origin-when-cross-origin\" allowfullscreen><\/iframe><\/div><\/div><\/div><\/div><div class=\"sc_promo_text\" style=\"width: 60%;float: right;\">\n\t\t\t<div class=\"sc_promo_text_inner sc_content_width_60%\" style=\"\"><h6 class=\"sc_item_subtitle sc_promo_subtitle sc_align_left sc_item_title_style_default\">Bienvenue<\/h6><h3 class=\"sc_item_title sc_promo_title sc_align_left sc_item_title_style_default\">ma biographie<\/h3><div class=\"sc_item_descr sc_promo_descr sc_align_left\"><p>Vous trouverez une pr\u00e9sentation personnelle comme artiste auteur-compositeur et mes cr\u00e9ations CD nomm\u00e9s qui ont \u00e9t\u00e9 diffus\u00e9s en Radios francaises et internationales. Merci pour la visu ! Musicalement \u00e0 vous,<\/p>\n<\/div><div class=\"sc_item_button sc_item_button_default sc_promo_button sc_align_left sc_button_wrap sc_align_left\"><a href=\"http:\/\/jef.informagie.fr\/index.php\/biography-1\/\" id=\"sc_button_1363546832\" class=\"sc_button color_style_default sc_button_default sc_button_size_normal sc_button_icon_left\"><span class=\"sc_button_text\"><span class=\"sc_button_title\">Revue de presse<\/span><\/span><!-- \/.sc_button_text --><\/a><!-- \/.sc_button --><\/div><!-- \/.sc_item_button sc_item_button_default sc_promo_button sc_align_left --><\/div>\n\t\t<\/div><!-- \/.sc_promo_text --><\/div><!-- \/.sc_promo -->[vc_empty_space alter_height=\u00a0\u00bbhuge\u00a0\u00bb hide_on_mobile=\u00a0\u00bb\u00a0\u00bb css=\u00a0\u00bb.vc_custom_1495808956314{margin-bottom: 2.45rem !important;}\u00a0\u00bb][\/vc_column][\/vc_row][vc_row full_width=\u00a0\u00bbstretch_row_content_no_spaces\u00a0\u00bb css=\u00a0\u00bb.vc_custom_1714050777509{background-color: #100726 !important;}\u00a0\u00bb][vc_column icons_position=\u00a0\u00bbleft\u00a0\u00bb]<div id=\"sc_content_1044328409\"\n\t\tclass=\"sc_content color_style_default sc_content_instagram sc_float_center\"><div class=\"content-header\"><h3 class=\"sc_item_title sc_content_title sc_align_left sc_item_title_style_default\">Suivez moi  sur Instagram <i>#J.E.F<\/i><\/h3><a class=\"sc_button icon-untitled-4\" href=\"https:\/\/www.instagram.com\/ancora_themes\/\">Instagram<\/a><a class=\"sc_button icon-untitled-5 inv_button\" href=\"\/grid\/\">plus de galerie<\/a><\/div><div class=\"sc_content_container\">[vc_column_text css=\u00a0\u00bb\u00a0\u00bb]\t\t<div id=\"sbi_mod_error\" >\n\t\t\t<span>Ce message d\u2019erreur n\u2019est visible que pour les administrateurs de WordPress<\/span><br \/>\n\t\t\t<p><strong>Erreur\u00a0:  aucun flux avec l\u2019ID 2 n\u2019a \u00e9t\u00e9 trouv\u00e9.<\/strong>\n\t\t\t<p>Veuillez aller sur la page de r\u00e9glages d\u2018Instagram Feed pour connecter votre compte.<\/p>\n\t\t<\/div>\n\t\t[\/vc_column_text]<\/div><\/div><!-- \/.sc_content -->[\/vc_column][\/vc_row][vc_row full_width=\u00a0\u00bbstretch_row\u00a0\u00bb css=\u00a0\u00bb.vc_custom_1490965384121{background-color: #100726 !important;}\u00a0\u00bb][vc_column icons_position=\u00a0\u00bbleft\u00a0\u00bb][vc_empty_space alter_height=\u00a0\u00bbhuge\u00a0\u00bb hide_on_mobile=\u00a0\u00bb\u00a0\u00bb css=\u00a0\u00bb.vc_custom_1496403700541{margin-bottom: -1rem !important;}\u00a0\u00bb][vc_empty_space alter_height=\u00a0\u00bbhuge\u00a0\u00bb hide_on_mobile=\u00a0\u00bb\u00a0\u00bb][\/vc_column][\/vc_row][vc_row el_class=\u00a0\u00bbmusic_podcast\u00a0\u00bb][vc_column icons_position=\u00a0\u00bbleft\u00a0\u00bb][vc_empty_space alter_height=\u00a0\u00bbmedium\u00a0\u00bb hide_on_mobile=\u00a0\u00bb\u00a0\u00bb css=\u00a0\u00bb.vc_custom_1496414518814{margin-top: -0.6rem !important;}\u00a0\u00bb]<div  id=\"sc_promo_744738877\" \n\tclass=\"sc_promo color_style_default sc_promo_modern sc_promo_size_normal sc_promo_no_paddings sc_promo_image_position_left\"\n\t\t><div class=\"sc_promo_image_wrap\" style=\"width:54%;left: 0;\"><div class=\"sc_promo_image\" style=\"background-image:url(http:\/\/jef.informagie.fr\/wp-content\/uploads\/2017\/06\/podcast.jpg);\">                        <div\n                            class=\"sc_promo_content sc_item_content\"><div id=\"widget_audio_1344294777\" class=\"widget_area sc_widget_audio vc_widget_audio wpb_content_element\"><aside id=\"widget_audio_1344294777_widget\" class=\"widget widget_audio\"><div class=\"trx_addons_audio_player without_cover\">\t\t<div class=\"audio_info\">\n\t\t\t\t\t\t\t<h6 class=\"audio_author\">The Crows<\/h6>\n\t\t\t\t\t\t\t\t\t\t<h5 class=\"audio_caption\">The Crows<\/h5>\n\t\t\t\t\t<\/div>\n\t\t<div class=\"audio_frame audio_local\"><audio class=\"wp-audio-shortcode\" id=\"audio-2-1\" preload=\"none\" style=\"width: 100%;\" controls=\"controls\"><source type=\"audio\/mpeg\" src=\"http:\/\/jef.informagie.fr\/wp-content\/uploads\/2024\/06\/01-Piste-1.mp3?_=1\" \/><a href=\"http:\/\/jef.informagie.fr\/wp-content\/uploads\/2024\/06\/01-Piste-1.mp3\">http:\/\/jef.informagie.fr\/wp-content\/uploads\/2024\/06\/01-Piste-1.mp3<\/a><\/audio><\/div><\/div><\/aside><\/div><div id=\"widget_audio_994042406\" class=\"widget_area sc_widget_audio vc_widget_audio wpb_content_element\"><aside id=\"widget_audio_994042406_widget\" class=\"widget widget_audio\"><div class=\"trx_addons_audio_player with_cover simple_style\" style=\"background-image:url(http:\/\/jef.informagie.fr\/wp-content\/uploads\/2024\/06\/cover-1155x615.jpg);\">\t\t<div class=\"audio_info\">\n\t\t\t\t\t\t\t<h6 class=\"audio_author\">BB&#039;s<\/h6>\n\t\t\t\t\t\t\t\t\t\t<h5 class=\"audio_caption\">Lola - L\u00e0 ou les vents<\/h5>\n\t\t\t\t\t<\/div>\n\t\t<div class=\"audio_frame audio_local\"><audio class=\"wp-audio-shortcode\" id=\"audio-2-2\" preload=\"none\" style=\"width: 100%;\" controls=\"controls\"><source type=\"audio\/mpeg\" src=\"http:\/\/jef.informagie.fr\/wp-content\/uploads\/2024\/06\/02.-BBs-Lola.mp3?_=2\" \/><a href=\"http:\/\/jef.informagie.fr\/wp-content\/uploads\/2024\/06\/02.-BBs-Lola.mp3\">http:\/\/jef.informagie.fr\/wp-content\/uploads\/2024\/06\/02.-BBs-Lola.mp3<\/a><\/audio><\/div><\/div><\/aside><\/div><div id=\"widget_audio_1815304531\" class=\"widget_area sc_widget_audio vc_widget_audio wpb_content_element  vc_custom_1718225141711\"><aside id=\"widget_audio_1815304531_widget\" class=\"widget widget_audio\"><div class=\"trx_addons_audio_player without_cover\">\t\t<div class=\"audio_info\">\n\t\t\t\t\t\t\t<h6 class=\"audio_author\">The Crows<\/h6>\n\t\t\t\t\t\t\t\t\t\t<h5 class=\"audio_caption\">The Crows<\/h5>\n\t\t\t\t\t<\/div>\n\t\t<div class=\"audio_frame audio_local\"><audio class=\"wp-audio-shortcode\" id=\"audio-2-3\" preload=\"none\" style=\"width: 100%;\" controls=\"controls\"><source type=\"audio\/mpeg\" src=\"http:\/\/jef.informagie.fr\/wp-content\/uploads\/2024\/06\/03-Piste-3.mp3?_=3\" \/><a href=\"http:\/\/jef.informagie.fr\/wp-content\/uploads\/2024\/06\/03-Piste-3.mp3\">http:\/\/jef.informagie.fr\/wp-content\/uploads\/2024\/06\/03-Piste-3.mp3<\/a><\/audio><\/div><\/div><\/aside><\/div><\/div><\/div><\/div><div class=\"sc_promo_text\" style=\"width: 46%;float: right;\">\n\t\t\t<div class=\"sc_promo_text_inner sc_content_width_46%\" style=\"\"><h6 class=\"sc_item_subtitle sc_promo_subtitle sc_align_left sc_item_title_style_default\">music<\/h6><h3 class=\"sc_item_title sc_promo_title sc_align_left sc_item_title_style_default\">podcast<\/h3><div class=\"sc_item_descr sc_promo_descr sc_align_left\"><p>The Crows form\u00e9 par Christian Schneiter guitariste soliste, et Jos\u00e9 Tibaldi au chant,<\/p>\n<\/div><div class=\"sc_item_button sc_item_button_default sc_promo_button sc_align_left sc_button_wrap sc_align_left\"><a href=\"\/shop\/\" id=\"sc_button_431706260\" class=\"sc_button color_style_default sc_button_default sc_button_size_normal sc_button_icon_left\"><span class=\"sc_button_text\"><span class=\"sc_button_title\">soundcloud<\/span><\/span><!-- \/.sc_button_text --><\/a><!-- \/.sc_button --><\/div><!-- \/.sc_item_button sc_item_button_default sc_promo_button sc_align_left --><\/div>\n\t\t<\/div><!-- \/.sc_promo_text --><\/div><!-- \/.sc_promo -->[vc_empty_space alter_height=\u00a0\u00bbhuge\u00a0\u00bb hide_on_mobile=\u00a0\u00bb\u00a0\u00bb css=\u00a0\u00bb.vc_custom_1495808956314{margin-bottom: 2.45rem !important;}\u00a0\u00bb][\/vc_column][\/vc_row][vc_row][vc_column][vc_column_text][\/vc_column_text][\/vc_column][\/vc_row][vc_row][vc_column][vc_column_text][\/vc_column_text][\/vc_column][\/vc_row]<\/p>\n<\/div>","protected":false},"excerpt":{"rendered":"<p>[vc_row full_width=\u00a0\u00bbstretch_row\u00a0\u00bb][vc_column][rev_slider_vc alias=\u00a0\u00bbslider-2-1&Prime;][\/vc_column][\/vc_row][vc_row][vc_column icons_position=\u00a0\u00bbleft\u00a0\u00bb][vc_empty_space alter_height=\u00a0\u00bbhuge\u00a0\u00bb hide_on_mobile=\u00a0\u00bb\u00a0\u00bb css=\u00a0\u00bb.vc_custom_1495790866099{margin-top: 0.9rem !important;}\u00a0\u00bb][vc_empty_space alter_height=\u00a0\u00bbhuge\u00a0\u00bb hide_on_mobile=\u00a0\u00bb\u00a0\u00bb css=\u00a0\u00bb.vc_custom_1495808956314{margin-bottom: 2.45rem !important;}\u00a0\u00bb][\/vc_column][\/vc_row][vc_row full_width=\u00a0\u00bbstretch_row_content_no_spaces\u00a0\u00bb css=\u00a0\u00bb.vc_custom_1714050777509{background-color: #100726 !important;}\u00a0\u00bb][vc_column icons_position=\u00a0\u00bbleft\u00a0\u00bb][\/vc_column][\/vc_row][vc_row full_width=\u00a0\u00bbstretch_row\u00a0\u00bb css=\u00a0\u00bb.vc_custom_1490965384121{background-color: #100726 !important;}\u00a0\u00bb][vc_column icons_position=\u00a0\u00bbleft\u00a0\u00bb][vc_empty_space alter_height=\u00a0\u00bbhuge\u00a0\u00bb hide_on_mobile=\u00a0\u00bb\u00a0\u00bb css=\u00a0\u00bb.vc_custom_1496403700541{margin-bottom: -1rem !important;}\u00a0\u00bb][vc_empty_space alter_height=\u00a0\u00bbhuge\u00a0\u00bb hide_on_mobile=\u00a0\u00bb\u00a0\u00bb][\/vc_column][\/vc_row][vc_row el_class=\u00a0\u00bbmusic_podcast\u00a0\u00bb][vc_column icons_position=\u00a0\u00bbleft\u00a0\u00bb][vc_empty_space alter_height=\u00a0\u00bbmedium\u00a0\u00bb hide_on_mobile=\u00a0\u00bb\u00a0\u00bb css=\u00a0\u00bb.vc_custom_1496414518814{margin-top: -0.6rem !important;}\u00a0\u00bb][vc_empty_space alter_height=\u00a0\u00bbhuge\u00a0\u00bb hide_on_mobile=\u00a0\u00bb\u00a0\u00bb css=\u00a0\u00bb.vc_custom_1495808956314{margin-bottom: 2.45rem !important;}\u00a0\u00bb][\/vc_column][\/vc_row][vc_row][vc_column][vc_column_text][\/vc_column_text][\/vc_column][\/vc_row][vc_row][vc_column][vc_column_text][\/vc_column_text][\/vc_column][\/vc_row]<\/p>\n","protected":false},"author":1,"featured_media":0,"parent":0,"menu_order":0,"comment_status":"closed","ping_status":"open","template":"","meta":{"_price":"","_stock":"","_tribe_ticket_header":"","_tribe_default_ticket_provider":"","_tribe_ticket_capacity":"0","_ticket_start_date":"","_ticket_end_date":"","_tribe_ticket_show_description":"","_tribe_ticket_show_not_going":false,"_tribe_ticket_use_global_stock":"","_tribe_ticket_global_stock_level":"","_global_stock_mode":"","_global_stock_cap":"","_tribe_rsvp_for_event":"","_tribe_ticket_going_count":"","_tribe_ticket_not_going_count":"","_tribe_tickets_list":"[]","_tribe_ticket_has_attendee_info_fields":false,"footnotes":""},"class_list":["post-2","page","type-page","status-publish","hentry"],"ticketed":false,"_links":{"self":[{"href":"http:\/\/jef.informagie.fr\/index.php\/wp-json\/wp\/v2\/pages\/2","targetHints":{"allow":["GET"]}}],"collection":[{"href":"http:\/\/jef.informagie.fr\/index.php\/wp-json\/wp\/v2\/pages"}],"about":[{"href":"http:\/\/jef.informagie.fr\/index.php\/wp-json\/wp\/v2\/types\/page"}],"author":[{"embeddable":true,"href":"http:\/\/jef.informagie.fr\/index.php\/wp-json\/wp\/v2\/users\/1"}],"replies":[{"embeddable":true,"href":"http:\/\/jef.informagie.fr\/index.php\/wp-json\/wp\/v2\/comments?post=2"}],"version-history":[{"count":18,"href":"http:\/\/jef.informagie.fr\/index.php\/wp-json\/wp\/v2\/pages\/2\/revisions"}],"predecessor-version":[{"id":1109,"href":"http:\/\/jef.informagie.fr\/index.php\/wp-json\/wp\/v2\/pages\/2\/revisions\/1109"}],"wp:attachment":[{"href":"http:\/\/jef.informagie.fr\/index.php\/wp-json\/wp\/v2\/media?parent=2"}],"curies":[{"name":"wp","href":"https:\/\/api.w.org\/{rel}","templated":true}]}}